{"id":1241,"date":"2023-07-05T14:52:50","date_gmt":"2023-07-05T12:52:50","guid":{"rendered":"https:\/\/famiris.previewstage.net\/apply-for-your-child-benefits\/"},"modified":"2023-10-04T16:34:39","modified_gmt":"2023-10-04T14:34:39","slug":"apply-for-your-child-support","status":"publish","type":"page","link":"https:\/\/famiris.brussels\/en\/apply-for-your-child-support\/","title":{"rendered":"Apply for your child benefits"},"content":{"rendered":"<div class=\"hero no-padding-bottom\">\n\n\n    <div class=\"container\">\n        <div class=\"container_shifted\">\n            \n            <div>\n                <div class=\"heading\">\n                    <h1>Child benefits for every child in Brussels<\/h1>\n                <\/div>\n                <div class=\"wysiwyg\">\n                    <p>Famiris assists Brussels families and children from birth until they turn 25. Apart from the maternity grant, Famiris pays child benefits every month based on the social situation of your family.<\/p>\n<p>You are not receiving child benefits yet? You would like to join Famiris? we are at your service!<\/p>\n                <\/div>\n            <\/div>\n            <div>\n                \n            <\/div>\n        <\/div>\n    <\/div>\n\n        <div class=\"hero_mask_container\">\n        <svg width=\"1109\" height=\"797\" id=\"hero_mask\" viewBox=\"0 0 1109 797\">\n            <defs>\n                <clipPath id=\"clippath\" transform=\"translate(554.000000, 398.000000) scale(1, -1) translate(-554.000000, -398.000000) \">\n                    <path d=\"M0.054714781,325.426152 C-1.83896722,216.797569 45.2730908,120.417726 164.708015,117.88122 C273.335632,115.987279 380.023206,203.970377 483.247005,202.400263 C629.259991,199.901123 698.010043,2.97873325 842.370532,0.0313552508 C1013.30863,-2.88084775 1093.37641,197.606243 1096.99419,375.826299 C1100.79953,579.793209 1159.80867,741.216289 956.062761,744.193508 C862.597998,745.72116 876.436963,792.881861 588.738055,795.018639 C301.039147,797.155417 4.04309778,555.149058 0.054714781,325.426152 Z\" id=\"Path\"><\/path>\n                <\/clipPath>\n            <\/defs>\n            <image\n                x=\"0\"\n                y=\"0\"\n                class=\"st0\"\n                width=\"100%\"\n                height=\"100%\"\n                href=\"https:\/\/famiris.brussels\/wp-content\/uploads\/2023\/07\/GettyImages-953811026-4.jpg\"\n                preserveAspectRatio=\"xMidYMid slice\"\n                clip-path=\"url(#clippath)\"\n                alt=\"\"\n            \/>\n        <\/svg>\n\n        <svg width=\"96px\" height=\"105px\" viewBox=\"0 0 96 105\" version=\"1.1\" xmlns=\"http:\/\/www.w3.org\/2000\/svg\" xmlns:xlink=\"http:\/\/www.w3.org\/1999\/xlink\" class=\"pink_path\">\n            <g id=\"Page-1\" stroke=\"none\" stroke-width=\"1\" fill=\"none\" fill-rule=\"evenodd\">\n                <g id=\"path_1\" fill=\"#FD5076\" fill-rule=\"nonzero\">\n                    <path d=\"M74.4454205,36.9154719 C73.5726933,31.7692901 72.0454205,26.7700174 67.5916024,22.7380174 C63.6832387,19.1976537 57.1581478,12.5081992 51.9683296,10.5198356 C47.096512,9.00944968 41.789556,10.1582418 37.9785115,13.5481992 C34.9039673,16.6225054 32.7393627,20.4870798 31.723966,24.7147447 C27.2003296,39.030381 12.1021478,49.7111083 15.323966,65.3721992 C16.9545115,73.3052901 19.7385115,82.4761992 26.1777842,89.0129265 C35.5741478,98.5561992 51.0374205,94.2812901 63.1232387,90.3627447 C73.1508751,87.1118356 82.0032387,80.2449265 80.1501478,71.2281992 C78.4046933,62.710381 77.0723296,54.1431083 75.6716024,45.5845628 C75.2061478,42.7511083 74.9297842,39.8041992 74.443966,36.9081992\" id=\"Path\" transform=\"translate(47.637138, 52.330010) rotate(25.000000) translate(-47.637138, -52.330010) \"><\/path>\n                <\/g>\n            <\/g>\n        <\/svg>\n    <\/div>\n    \n<\/div>\n\n\n\n\n\n<div class=\"mod-has-2-columns white columns\"><div class=\"container\"><div class=\"container_shifted\">\n<div class=\"wp-container-core-columns-is-layout-9d6595d7 wp-block-columns-is-layout-flex columns-container\">\n<div style=\"\" class=\"wp-block-column-is-layout-flow columns_item\"><div class=\"mod-left mod-blob4 blob\">\n    <div class=\"mod-blob4 blob-padcontainer\">\n        <div class=\"blob-abscontainer\">\n\n                            <svg\n                    class=\"blob_4\"\n                    version=\"1.1\"\n                    xmlns=\"http:\/\/www.w3.org\/2000\/svg\"\n                    x=\"0px\"\n                    y=\"0px\"\n                    viewBox=\"0 0 874.8 446.2\"\n                    style=\"enable-background:new 0 0 874.8 446.2;\"\n                >\n                    <defs>\n                        <clipPath id=blob4_521899093>\n                            <path\n                                d=\"M509.3,366.4C352.2,325.7,306,134.6,316.6,74.2C325.8,22,371.9-1.1,418.1,7.1\n                        C479.9,18,540.2,79,596.7,88.9c52.5,9.3,109-26.2,162-16.9c58.8,10.4,82.8,77.6,72.8,134.6c-12.9,73-218.8,180-286.2,168.1\n                        C532.3,372.5,519.6,369.1,509.3,366.4\"\n                            \/>\n                        <\/clipPath>\n                    <\/defs>\n                    <path\n                        class=\"blob-red\"\n                        d=\"M813.1,276.9c13.8,17.1,46.3,22.2,57.1,44.9c4.5,9.4,9,21.4-3.7,32.2\n                c-38.2,32.3-56.5-65.4-86.1-51.9c-19.8,9,14.8,57.5-11.9,70.2c0,0,0,0,0,0c-7.3,3.4-11.4,0.2-14.3-5.8c-4.1-8.6-5.7-23.1-10.2-32.4\n                c-4.3-9-11.2-11.1-17.9-7.9c-4.3,2-8.3,5.8-12.7,7.9c-11.9,5.6-29.7,6.2-37.6-14c-3.3-8.6,3-23,13.9-27.1c15-5.6,45-8,70-19.9\n                c19.1-9.1,37.2-28.1,48.2-33.3c2.5-1.2,7.1,0.5,8.7,3.8c1.7,3.6,0.4,8.8-1.4,13C812.8,263.7,807.7,270.2,813.1,276.9\"\n                    \/>\n                    <path\n                        class=\"blob-gray\"\n                        d=\"M1.8,396.1C22.8,304-56.1,51.7,151.1,3.8c128.2-29.6,259.6,123.1,355.5,100.9\n                C570.6,90,622.4,13.3,671.7,1.9c57.7-13.3,98.6,87.6,111.6,144.3c17.2,74.8-8.7,135.3-120.4,161.1c-81.8,18.9-225.6,3.7-329.6,27.7\n                c-93.8,21.7-182.2,90.5-253.3,107c-35.4,8.2-72.5,6-79-22.2C-0.5,413.4-0.4,405.5,1.8,396.1\"\n                    \/>\n                    <image\n                        x=\"315.2\"\n                        y=\"5.5\"\n                        width=\"518.5\"\n                        height=\"370.2\"\n                        href=\"https:\/\/famiris.brussels\/wp-content\/uploads\/2023\/07\/IrisCare_Gwendoline.jpg\"\n                        preserveAspectRatio=\"xMidYMid slice\"\n                        clip-path=\"url(#blob4_521899093)\"\n                        alt=\"\"\n                    \/>\n                <\/svg>\n\n\n                            \n            <\/svg>\n        <\/div>\n    <\/div>\n<\/div><\/div>\n\n\n\n<div style=\"\" class=\"wp-block-column-is-layout-flow columns_item\"><div class=\"heading\">\n<h2 class=\"wp-block-heading\">We are always there for you<\/h2>\n<\/div>\n\n<div class=\"paragraph\"><div class=\"wysiwyg\">\n<p>Your personal account manager is there every day to answer all your questions concerning your account. They can bring clarity to all issues that are somehow unclear to you. Together we want the best for you and your child.<\/p>\n<\/div><\/div><\/div>\n<\/div>\n<\/div><\/div><\/div>\n\n<div class=\"mod-has-2-columns white columns\"><div class=\"container\"><div class=\"container_shifted\">\n<div class=\"wp-container-core-columns-is-layout-9d6595d7 wp-block-columns-is-layout-flex columns-container\">\n<div style=\"\" class=\"wp-block-column-is-layout-flow columns_item\"><div class=\"heading\">\n<h3 class=\"wp-block-heading\">Famiris, the child support fund for all Brusselians<\/h3>\n<\/div>\n\n<div class=\"paragraph\"><div class=\"wysiwyg\">\n<p>Famiris pays your maternity allowance and child benefits in Brussels. Entirely made to measure, for the very best support.<\/p>\n<\/div><\/div><\/div>\n\n\n\n<div style=\"\" class=\"wp-block-column-is-layout-flow columns_item\"><\/div>\n<\/div>\n<\/div><\/div><\/div>","protected":false},"excerpt":{"rendered":"<p>We are always there for you Your personal account manager is there every day to answer all your questions concerning [&hellip;]<\/p>\n","protected":false},"author":1,"featured_media":0,"parent":0,"menu_order":0,"comment_status":"closed","ping_status":"closed","template":"","meta":{"_acf_changed":false,"footnotes":""},"class_list":["post-1241","page","type-page","status-publish","hentry"],"acf":[],"yoast_head":"<!-- This site is optimized with the Yoast SEO plugin v27.0 - https:\/\/yoast.com\/product\/yoast-seo-wordpress\/ -->\n<title>Claim your child benefits in Brussels - Famiris<\/title>\n<meta name=\"description\" content=\"Vous avez un enfant atteint d\u2019un handicap ou d\u2019une affection ? Vous avez alors droit \u00e0 une allocation major\u00e9e pour handicap. Ce suppl\u00e9ment varie.\" \/>\n<meta name=\"robots\" content=\"index, follow, max-snippet:-1, max-image-preview:large, max-video-preview:-1\" \/>\n<link rel=\"canonical\" href=\"https:\/\/famiris.brussels\/en\/apply-for-your-child-support\/\" \/>\n<meta property=\"og:locale\" content=\"en_US\" \/>\n<meta property=\"og:type\" content=\"article\" \/>\n<meta property=\"og:title\" content=\"Claim your child benefits in Brussels - Famiris\" \/>\n<meta property=\"og:description\" content=\"Vous avez un enfant atteint d\u2019un handicap ou d\u2019une affection ? Vous avez alors droit \u00e0 une allocation major\u00e9e pour handicap. Ce suppl\u00e9ment varie.\" \/>\n<meta property=\"og:url\" content=\"https:\/\/famiris.brussels\/en\/apply-for-your-child-support\/\" \/>\n<meta property=\"og:site_name\" content=\"Famiris\" \/>\n<meta property=\"article:modified_time\" content=\"2023-10-04T14:34:39+00:00\" \/>\n<meta name=\"twitter:card\" content=\"summary_large_image\" \/>\n<meta name=\"twitter:label1\" content=\"Est. reading time\" \/>\n\t<meta name=\"twitter:data1\" content=\"1 minute\" \/>\n<script type=\"application\/ld+json\" class=\"yoast-schema-graph\">{\"@context\":\"https:\/\/schema.org\",\"@graph\":[{\"@type\":\"WebPage\",\"@id\":\"https:\/\/famiris.brussels\/en\/apply-for-your-child-support\/\",\"url\":\"https:\/\/famiris.brussels\/en\/apply-for-your-child-support\/\",\"name\":\"Claim your child benefits in Brussels - Famiris\",\"isPartOf\":{\"@id\":\"https:\/\/famiris.brussels\/nl\/#website\"},\"datePublished\":\"2023-07-05T12:52:50+00:00\",\"dateModified\":\"2023-10-04T14:34:39+00:00\",\"description\":\"Vous avez un enfant atteint d\u2019un handicap ou d\u2019une affection ? Vous avez alors droit \u00e0 une allocation major\u00e9e pour handicap. Ce suppl\u00e9ment varie.\",\"breadcrumb\":{\"@id\":\"https:\/\/famiris.brussels\/en\/apply-for-your-child-support\/#breadcrumb\"},\"inLanguage\":\"en-US\",\"potentialAction\":[{\"@type\":\"ReadAction\",\"target\":[\"https:\/\/famiris.brussels\/en\/apply-for-your-child-support\/\"]}]},{\"@type\":\"BreadcrumbList\",\"@id\":\"https:\/\/famiris.brussels\/en\/apply-for-your-child-support\/#breadcrumb\",\"itemListElement\":[{\"@type\":\"ListItem\",\"position\":1,\"name\":\"Home\",\"item\":\"https:\/\/famiris.brussels\/en\/\"},{\"@type\":\"ListItem\",\"position\":2,\"name\":\"Apply for your child benefits\"}]},{\"@type\":\"WebSite\",\"@id\":\"https:\/\/famiris.brussels\/nl\/#website\",\"url\":\"https:\/\/famiris.brussels\/nl\/\",\"name\":\"Famiris\",\"description\":\"\",\"potentialAction\":[{\"@type\":\"SearchAction\",\"target\":{\"@type\":\"EntryPoint\",\"urlTemplate\":\"https:\/\/famiris.brussels\/nl\/?s={search_term_string}\"},\"query-input\":{\"@type\":\"PropertyValueSpecification\",\"valueRequired\":true,\"valueName\":\"search_term_string\"}}],\"inLanguage\":\"en-US\"}]}<\/script>\n<!-- \/ Yoast SEO plugin. -->","yoast_head_json":{"title":"Claim your child benefits in Brussels - Famiris","description":"Vous avez un enfant atteint d\u2019un handicap ou d\u2019une affection ? Vous avez alors droit \u00e0 une allocation major\u00e9e pour handicap. Ce suppl\u00e9ment varie.","robots":{"index":"index","follow":"follow","max-snippet":"max-snippet:-1","max-image-preview":"max-image-preview:large","max-video-preview":"max-video-preview:-1"},"canonical":"https:\/\/famiris.brussels\/en\/apply-for-your-child-support\/","og_locale":"en_US","og_type":"article","og_title":"Claim your child benefits in Brussels - Famiris","og_description":"Vous avez un enfant atteint d\u2019un handicap ou d\u2019une affection ? Vous avez alors droit \u00e0 une allocation major\u00e9e pour handicap. Ce suppl\u00e9ment varie.","og_url":"https:\/\/famiris.brussels\/en\/apply-for-your-child-support\/","og_site_name":"Famiris","article_modified_time":"2023-10-04T14:34:39+00:00","twitter_card":"summary_large_image","twitter_misc":{"Est. reading time":"1 minute"},"schema":{"@context":"https:\/\/schema.org","@graph":[{"@type":"WebPage","@id":"https:\/\/famiris.brussels\/en\/apply-for-your-child-support\/","url":"https:\/\/famiris.brussels\/en\/apply-for-your-child-support\/","name":"Claim your child benefits in Brussels - Famiris","isPartOf":{"@id":"https:\/\/famiris.brussels\/nl\/#website"},"datePublished":"2023-07-05T12:52:50+00:00","dateModified":"2023-10-04T14:34:39+00:00","description":"Vous avez un enfant atteint d\u2019un handicap ou d\u2019une affection ? Vous avez alors droit \u00e0 une allocation major\u00e9e pour handicap. Ce suppl\u00e9ment varie.","breadcrumb":{"@id":"https:\/\/famiris.brussels\/en\/apply-for-your-child-support\/#breadcrumb"},"inLanguage":"en-US","potentialAction":[{"@type":"ReadAction","target":["https:\/\/famiris.brussels\/en\/apply-for-your-child-support\/"]}]},{"@type":"BreadcrumbList","@id":"https:\/\/famiris.brussels\/en\/apply-for-your-child-support\/#breadcrumb","itemListElement":[{"@type":"ListItem","position":1,"name":"Home","item":"https:\/\/famiris.brussels\/en\/"},{"@type":"ListItem","position":2,"name":"Apply for your child benefits"}]},{"@type":"WebSite","@id":"https:\/\/famiris.brussels\/nl\/#website","url":"https:\/\/famiris.brussels\/nl\/","name":"Famiris","description":"","potentialAction":[{"@type":"SearchAction","target":{"@type":"EntryPoint","urlTemplate":"https:\/\/famiris.brussels\/nl\/?s={search_term_string}"},"query-input":{"@type":"PropertyValueSpecification","valueRequired":true,"valueName":"search_term_string"}}],"inLanguage":"en-US"}]}},"_links":{"self":[{"href":"https:\/\/famiris.brussels\/en\/wp-json\/wp\/v2\/pages\/1241","targetHints":{"allow":["GET"]}}],"collection":[{"href":"https:\/\/famiris.brussels\/en\/wp-json\/wp\/v2\/pages"}],"about":[{"href":"https:\/\/famiris.brussels\/en\/wp-json\/wp\/v2\/types\/page"}],"author":[{"embeddable":true,"href":"https:\/\/famiris.brussels\/en\/wp-json\/wp\/v2\/users\/1"}],"replies":[{"embeddable":true,"href":"https:\/\/famiris.brussels\/en\/wp-json\/wp\/v2\/comments?post=1241"}],"version-history":[{"count":5,"href":"https:\/\/famiris.brussels\/en\/wp-json\/wp\/v2\/pages\/1241\/revisions"}],"predecessor-version":[{"id":1491,"href":"https:\/\/famiris.brussels\/en\/wp-json\/wp\/v2\/pages\/1241\/revisions\/1491"}],"wp:attachment":[{"href":"https:\/\/famiris.brussels\/en\/wp-json\/wp\/v2\/media?parent=1241"}],"curies":[{"name":"wp","href":"https:\/\/api.w.org\/{rel}","templated":true}]}}