{"id":21921,"date":"2025-04-29T08:52:28","date_gmt":"2025-04-29T06:52:28","guid":{"rendered":"https:\/\/famiris.brussels\/?page_id=21921"},"modified":"2025-06-16T13:52:42","modified_gmt":"2025-06-16T11:52:42","slug":"disclaimer-chatbot-famiris","status":"publish","type":"page","link":"https:\/\/famiris.brussels\/fr\/disclaimer-chatbot-famiris\/","title":{"rendered":"Disclaimer chatbot Famiris"},"content":{"rendered":"<div class=\"mod-has-2-columns white columns\"><div class=\"container\"><div class=\"container_shifted\">\n<div class=\"wp-container-core-columns-is-layout-9d6595d7 wp-block-columns-is-layout-flex columns-container\">\n<div style=\"\" class=\"wp-block-column-is-layout-flow columns_item\"><\/div>\n<\/div>\n<\/div><\/div><\/div>\n\n<div class=\"mod-has-2-columns white columns\"><div class=\"container\"><div class=\"container_shifted\">\n<div class=\"wp-container-core-columns-is-layout-9d6595d7 wp-block-columns-is-layout-flex columns-container\">\n<div style=\"\" class=\"wp-block-column-is-layout-flow columns_item\"><\/div>\n<\/div>\n<\/div><\/div><\/div>\n\n<div class=\"mod-has-2-columns white columns\"><div class=\"container\"><div class=\"container_shifted\">\n<div class=\"wp-container-core-columns-is-layout-9d6595d7 wp-block-columns-is-layout-flex columns-container\">\n<div style=\"\" class=\"container_shifted wp-block-column-is-layout-flow columns_item\"><div class=\"heading\">\n<h1 class=\"wp-block-heading infopages\">Clause de non-responsabilit\u00e9 chatbot IA de Famiris<\/h1>\n<\/div>\n\n<div class=\"paragraph\"><div class=\"wysiwyg\">\n<p>Iris est le chatbot mis \u00e0 votre disposition par la caisse publique d&rsquo;allocations familiales bruxelloise Famiris pour vous aider \u00e0 <strong>obtenir rapidement des r\u00e9ponses \u00e0 vos questions et faciliter vos recherches<\/strong>. Le chatbot repose sur une <strong>technologie d\u2019intelligence artificielle<\/strong> qui s\u2019appuie sur les informations disponibles sur notre site web afin de vous fournir des r\u00e9ponses aussi fiables que possible.<\/p>\n<\/div><\/div>\n\n<div class=\"paragraph\"><div class=\"wysiwyg\">\n<p>Cependant, m\u00eame si les informations pr\u00e9sentes sur notre site sont rigoureusement v\u00e9rifi\u00e9es, <strong>nous ne pouvons pas garantir que le chatbot interpr\u00e8te toujours parfaitement votre question ou le contenu de notre site<\/strong>. Il est donc possible que les r\u00e9ponses g\u00e9n\u00e9r\u00e9es soient inexactes, incompl\u00e8tes ou inadapt\u00e9es \u00e0 votre situation personnelle.<\/p>\n<\/div><\/div>\n\n<div class=\"paragraph\"><div class=\"wysiwyg\">\n<p>Pour cette raison, Famiris ne peut \u00eatre tenue responsable en cas d\u2019erreurs ou de malentendus r\u00e9sultant de l\u2019utilisation des informations concern\u00e9es.<\/p>\n<\/div><\/div>\n\n<div class=\"paragraph\"><div class=\"wysiwyg\">\n<p>Les r\u00e9ponses fournies par le chatbot ne constituent ni un avis juridique ni une d\u00e9cision officielle de Famiris. <strong>L\u2019utilisateur reste seul responsable de l\u2019usage qu\u2019il fait des informations obtenues via le chatbot.<\/strong> Il est donc essentiel de v\u00e9rifier toute r\u00e9ponse aupr\u00e8s des canaux officiels de Famiris ou de contacter votre gestionnaire de dossier en cas de doute. \u00c0 cette fin, les r\u00e9ponses fournies par le chatbot peuvent \u00eatre accompagn\u00e9es d\u2019un lien vers la source utilis\u00e9e et\/ou des informations de contact utiles.<\/p>\n<\/div><\/div>\n\n<div class=\"paragraph\"><div class=\"wysiwyg\">\n<p><strong>N&rsquo;utilisez pas de donn\u00e9es personnelles dans vos questions<\/strong>; le chatbot n&rsquo;en demandera jamais non plus. Pour toute question relative \u00e0 un dossier individuel, le chatbot vous invitera \u00e0 contacter directement votre gestionnaire de dossier ou le service comp\u00e9tent de Famiris.<\/p>\n<\/div><\/div>\n\n<div class=\"paragraph\"><div class=\"wysiwyg\">\n<p><strong>L\u2019utilisation du chatbot implique l\u2019acceptation de ces conditions<\/strong>. Les informations fournies par le chatbot ne peuvent jamais pr\u00e9valoir sur les informations issues de sources officielles, de la l\u00e9gislation et\/ou de la r\u00e9glementation.<\/p>\n<\/div><\/div><\/div>\n<\/div>\n<\/div><\/div><\/div>","protected":false},"excerpt":{"rendered":"<p>Clause de non-responsabilit\u00e9 chatbot IA de Famiris Iris est le chatbot mis \u00e0 votre disposition par la caisse publique d&rsquo;allocations [&hellip;]<\/p>\n","protected":false},"author":2,"featured_media":0,"parent":0,"menu_order":0,"comment_status":"closed","ping_status":"closed","template":"","meta":{"_acf_changed":false,"footnotes":""},"class_list":["post-21921","page","type-page","status-publish","hentry"],"acf":[],"yoast_head":"<!-- This site is optimized with the Yoast SEO plugin v27.0 - https:\/\/yoast.com\/product\/yoast-seo-wordpress\/ -->\n<title>Disclaimer chatbot Famiris - Famiris<\/title>\n<meta name=\"description\" content=\"Iris est l&#039;assistant virtuel de la caisse d&#039;allocations familiales bruxelloise Famiris. Iris a \u00e9t\u00e9 d\u00e9velopp\u00e9 \u00e0 l&#039;aide de l&#039;IA.\" \/>\n<meta name=\"robots\" content=\"index, follow, max-snippet:-1, max-image-preview:large, max-video-preview:-1\" \/>\n<link rel=\"canonical\" href=\"https:\/\/famiris.brussels\/fr\/disclaimer-chatbot-famiris\/\" \/>\n<meta property=\"og:locale\" content=\"fr_FR\" \/>\n<meta property=\"og:type\" content=\"article\" \/>\n<meta property=\"og:title\" content=\"Disclaimer chatbot Famiris - Famiris\" \/>\n<meta property=\"og:description\" content=\"Iris est l&#039;assistant virtuel de la caisse d&#039;allocations familiales bruxelloise Famiris. Iris a \u00e9t\u00e9 d\u00e9velopp\u00e9 \u00e0 l&#039;aide de l&#039;IA.\" \/>\n<meta property=\"og:url\" content=\"https:\/\/famiris.brussels\/fr\/disclaimer-chatbot-famiris\/\" \/>\n<meta property=\"og:site_name\" content=\"Famiris\" \/>\n<meta property=\"article:modified_time\" content=\"2025-06-16T11:52:42+00:00\" \/>\n<meta name=\"twitter:card\" content=\"summary_large_image\" \/>\n<meta name=\"twitter:label1\" content=\"Dur\u00e9e de lecture estim\u00e9e\" \/>\n\t<meta name=\"twitter:data1\" content=\"2 minutes\" \/>\n<script type=\"application\/ld+json\" class=\"yoast-schema-graph\">{\"@context\":\"https:\/\/schema.org\",\"@graph\":[{\"@type\":\"WebPage\",\"@id\":\"https:\/\/famiris.brussels\/fr\/disclaimer-chatbot-famiris\/\",\"url\":\"https:\/\/famiris.brussels\/fr\/disclaimer-chatbot-famiris\/\",\"name\":\"Disclaimer chatbot Famiris - Famiris\",\"isPartOf\":{\"@id\":\"https:\/\/famiris.brussels\/nl\/#website\"},\"datePublished\":\"2025-04-29T06:52:28+00:00\",\"dateModified\":\"2025-06-16T11:52:42+00:00\",\"description\":\"Iris est l'assistant virtuel de la caisse d'allocations familiales bruxelloise Famiris. Iris a \u00e9t\u00e9 d\u00e9velopp\u00e9 \u00e0 l'aide de l'IA.\",\"breadcrumb\":{\"@id\":\"https:\/\/famiris.brussels\/fr\/disclaimer-chatbot-famiris\/#breadcrumb\"},\"inLanguage\":\"fr-FR\",\"potentialAction\":[{\"@type\":\"ReadAction\",\"target\":[\"https:\/\/famiris.brussels\/fr\/disclaimer-chatbot-famiris\/\"]}]},{\"@type\":\"BreadcrumbList\",\"@id\":\"https:\/\/famiris.brussels\/fr\/disclaimer-chatbot-famiris\/#breadcrumb\",\"itemListElement\":[{\"@type\":\"ListItem\",\"position\":1,\"name\":\"Home\",\"item\":\"https:\/\/famiris.brussels\/fr\/\"},{\"@type\":\"ListItem\",\"position\":2,\"name\":\"Disclaimer chatbot Famiris\"}]},{\"@type\":\"WebSite\",\"@id\":\"https:\/\/famiris.brussels\/nl\/#website\",\"url\":\"https:\/\/famiris.brussels\/nl\/\",\"name\":\"Famiris\",\"description\":\"\",\"potentialAction\":[{\"@type\":\"SearchAction\",\"target\":{\"@type\":\"EntryPoint\",\"urlTemplate\":\"https:\/\/famiris.brussels\/nl\/?s={search_term_string}\"},\"query-input\":{\"@type\":\"PropertyValueSpecification\",\"valueRequired\":true,\"valueName\":\"search_term_string\"}}],\"inLanguage\":\"fr-FR\"}]}<\/script>\n<!-- \/ Yoast SEO plugin. -->","yoast_head_json":{"title":"Disclaimer chatbot Famiris - Famiris","description":"Iris est l'assistant virtuel de la caisse d'allocations familiales bruxelloise Famiris. Iris a \u00e9t\u00e9 d\u00e9velopp\u00e9 \u00e0 l'aide de l'IA.","robots":{"index":"index","follow":"follow","max-snippet":"max-snippet:-1","max-image-preview":"max-image-preview:large","max-video-preview":"max-video-preview:-1"},"canonical":"https:\/\/famiris.brussels\/fr\/disclaimer-chatbot-famiris\/","og_locale":"fr_FR","og_type":"article","og_title":"Disclaimer chatbot Famiris - Famiris","og_description":"Iris est l'assistant virtuel de la caisse d'allocations familiales bruxelloise Famiris. Iris a \u00e9t\u00e9 d\u00e9velopp\u00e9 \u00e0 l'aide de l'IA.","og_url":"https:\/\/famiris.brussels\/fr\/disclaimer-chatbot-famiris\/","og_site_name":"Famiris","article_modified_time":"2025-06-16T11:52:42+00:00","twitter_card":"summary_large_image","twitter_misc":{"Dur\u00e9e de lecture estim\u00e9e":"2 minutes"},"schema":{"@context":"https:\/\/schema.org","@graph":[{"@type":"WebPage","@id":"https:\/\/famiris.brussels\/fr\/disclaimer-chatbot-famiris\/","url":"https:\/\/famiris.brussels\/fr\/disclaimer-chatbot-famiris\/","name":"Disclaimer chatbot Famiris - Famiris","isPartOf":{"@id":"https:\/\/famiris.brussels\/nl\/#website"},"datePublished":"2025-04-29T06:52:28+00:00","dateModified":"2025-06-16T11:52:42+00:00","description":"Iris est l'assistant virtuel de la caisse d'allocations familiales bruxelloise Famiris. Iris a \u00e9t\u00e9 d\u00e9velopp\u00e9 \u00e0 l'aide de l'IA.","breadcrumb":{"@id":"https:\/\/famiris.brussels\/fr\/disclaimer-chatbot-famiris\/#breadcrumb"},"inLanguage":"fr-FR","potentialAction":[{"@type":"ReadAction","target":["https:\/\/famiris.brussels\/fr\/disclaimer-chatbot-famiris\/"]}]},{"@type":"BreadcrumbList","@id":"https:\/\/famiris.brussels\/fr\/disclaimer-chatbot-famiris\/#breadcrumb","itemListElement":[{"@type":"ListItem","position":1,"name":"Home","item":"https:\/\/famiris.brussels\/fr\/"},{"@type":"ListItem","position":2,"name":"Disclaimer chatbot Famiris"}]},{"@type":"WebSite","@id":"https:\/\/famiris.brussels\/nl\/#website","url":"https:\/\/famiris.brussels\/nl\/","name":"Famiris","description":"","potentialAction":[{"@type":"SearchAction","target":{"@type":"EntryPoint","urlTemplate":"https:\/\/famiris.brussels\/nl\/?s={search_term_string}"},"query-input":{"@type":"PropertyValueSpecification","valueRequired":true,"valueName":"search_term_string"}}],"inLanguage":"fr-FR"}]}},"_links":{"self":[{"href":"https:\/\/famiris.brussels\/fr\/wp-json\/wp\/v2\/pages\/21921","targetHints":{"allow":["GET"]}}],"collection":[{"href":"https:\/\/famiris.brussels\/fr\/wp-json\/wp\/v2\/pages"}],"about":[{"href":"https:\/\/famiris.brussels\/fr\/wp-json\/wp\/v2\/types\/page"}],"author":[{"embeddable":true,"href":"https:\/\/famiris.brussels\/fr\/wp-json\/wp\/v2\/users\/2"}],"replies":[{"embeddable":true,"href":"https:\/\/famiris.brussels\/fr\/wp-json\/wp\/v2\/comments?post=21921"}],"version-history":[{"count":4,"href":"https:\/\/famiris.brussels\/fr\/wp-json\/wp\/v2\/pages\/21921\/revisions"}],"predecessor-version":[{"id":23690,"href":"https:\/\/famiris.brussels\/fr\/wp-json\/wp\/v2\/pages\/21921\/revisions\/23690"}],"wp:attachment":[{"href":"https:\/\/famiris.brussels\/fr\/wp-json\/wp\/v2\/media?parent=21921"}],"curies":[{"name":"wp","href":"https:\/\/api.w.org\/{rel}","templated":true}]}}