{"id":395,"date":"2023-08-02T16:34:49","date_gmt":"2023-08-02T14:34:49","guid":{"rendered":"https:\/\/famiris.previewstage.net\/?page_id=395"},"modified":"2025-03-18T11:57:13","modified_gmt":"2025-03-18T10:57:13","slug":"disclaimer-famiris","status":"publish","type":"page","link":"https:\/\/famiris.brussels\/fr\/disclaimer-famiris\/","title":{"rendered":"Disclaimer Famiris"},"content":{"rendered":"<div class=\"mod-has-2-columns white columns\"><div class=\"container\"><div class=\"container_shifted\">\n<div class=\"wp-container-core-columns-is-layout-9d6595d7 wp-block-columns-is-layout-flex columns-container\">\n<div style=\"\" class=\"wp-block-column-is-layout-flow columns_item\"><\/div>\n<\/div>\n<\/div><\/div><\/div>\n\n<div class=\"mod-has-2-columns white columns\"><div class=\"container\"><div class=\"container_shifted\">\n<div class=\"wp-container-core-columns-is-layout-9d6595d7 wp-block-columns-is-layout-flex columns-container\">\n<div style=\"\" class=\"wp-block-column-is-layout-flow columns_item\"><\/div>\n<\/div>\n<\/div><\/div><\/div>\n\n<div class=\"mod-has-2-columns white columns\"><div class=\"container\"><div class=\"container_shifted\">\n<div class=\"wp-container-core-columns-is-layout-9d6595d7 wp-block-columns-is-layout-flex columns-container\">\n<div style=\"\" class=\"container_shifted wp-block-column-is-layout-flow columns_item\"><div class=\"heading\">\n<h1 class=\"wp-block-heading infopages\">Disclaimer Famiris<\/h1>\n<\/div>\n\n<div class=\"heading\">\n<h3 class=\"wp-block-heading\">Limitation de responsabilit\u00e9<\/h3>\n<\/div>\n\n<div class=\"paragraph\"><div class=\"wysiwyg\">\n<p>Nous veillons autant que faire se peut \u00e0 l&rsquo;exactitude des informations et donn\u00e9es figurant sur notre site web. Toutefois, toute responsabilit\u00e9 ou garantie concernant l&rsquo;actualisation, l&rsquo;irr\u00e9prochabilit\u00e9 et l&rsquo;exhaustivit\u00e9 des informations et donn\u00e9es mises \u00e0 disposition est exclue. Ces dispositions valent tant pour notre site que pour tous les autres sites web vers lesquels renvoient des liens hypertextes. Nous n&rsquo;assumons pas davantage de responsabilit\u00e9 quant au contenu des sites web accessibles au moyen de ce type de connexion. Nous nous r\u00e9servons en outre le droit de modifier ou de compl\u00e9ter sans pr\u00e9avis les informations ou donn\u00e9es mises \u00e0 disposition.<\/p>\n<\/div><\/div>\n\n<div class=\"paragraph\"><div class=\"wysiwyg\">\n<p>Ni Iriscare, ni ses collaborateurs ou agents ne peuvent, dans la mesure conforme au droit applicable, \u00eatre responsables en vertu d\u2019une tierce partie pour les dommages (ci-inclus sans limitation les dommages directs, indirects, cons\u00e9cutifs, sp\u00e9ciaux, p\u00e9naux et la perte de profits) pouvant r\u00e9sulter de l\u2019utilisation des informations et donn\u00e9es figurant sur notre site web.<\/p>\n<\/div><\/div>\n\n<div class=\"heading\">\n<h3 class=\"wp-block-heading\">Droits de propri\u00e9t\u00e9 intellectuelle<\/h3>\n<\/div>\n\n<div class=\"paragraph\"><div class=\"wysiwyg\">\n<p>Le contenu de ce site web, incluant, sans que cette liste ne soit exhaustive, les marques, les mod\u00e8les, les logos, les textes et les images sont la propri\u00e9t\u00e9 d&rsquo;Iriscare et sont prot\u00e9g\u00e9s par la l\u00e9gislation belge sur le droit d\u2019auteur et les droits voisins ainsi que par les autres l\u00e9gislations applicables.<\/p>\n<\/div><\/div>\n\n<div class=\"paragraph\"><div class=\"wysiwyg\">\n<p>Le contenu de ce site web, ne peut en aucun cas \u00eatre reproduit sous quelque forme que ce soit, par ou \u00e0 la demande d\u2019une partie tierce, sans avoir obtenu l\u2019autorisation pr\u00e9alable et \u00e9crite d&rsquo;Iriscare.<\/p>\n<\/div><\/div>\n\n<div class=\"paragraph\"><div class=\"wysiwyg\">\n<p>Aucun \u00e9l\u00e9ment contenu dans ce site web ne peut \u00eatre interpr\u00e9t\u00e9 comme accordant une quelconque licence ou un quelconque droit d\u2019usage du mat\u00e9riel dont Iriscare est propri\u00e9taire sauf toutefois en ce qui concerne la licence limit\u00e9e de t\u00e9l\u00e9charger ou d\u2019imprimer certains \u00e9l\u00e9ments de ce site \u00e0 des fins personnelles et non-commerciales.<\/p>\n<\/div><\/div>\n\n<div class=\"heading\">\n<h3 class=\"wp-block-heading\">Droit applicable<\/h3>\n<\/div>\n\n<div class=\"paragraph\"><div class=\"wysiwyg\">\n<p>Toutes les informations ou donn\u00e9es, leur utilisation et l&rsquo;inscription sur le site web d&rsquo;Iriscare ainsi que tous actes, autorisations ou interdictions sont soumis exclusivement au droit belge. En cas de litiges relatifs \u00e0 l\u2019utilisation de ce site, seuls les cours et tribunaux de Bruxelles sont comp\u00e9tents.<\/p>\n<\/div><\/div><\/div>\n<\/div>\n<\/div><\/div><\/div>","protected":false},"excerpt":{"rendered":"<p>Disclaimer Famiris Limitation de responsabilit\u00e9 Nous veillons autant que faire se peut \u00e0 l&rsquo;exactitude des informations et donn\u00e9es figurant sur [&hellip;]<\/p>\n","protected":false},"author":1,"featured_media":0,"parent":0,"menu_order":0,"comment_status":"closed","ping_status":"closed","template":"","meta":{"_acf_changed":false,"footnotes":""},"class_list":["post-395","page","type-page","status-publish","hentry"],"acf":[],"yoast_head":"<!-- This site is optimized with the Yoast SEO plugin v27.0 - https:\/\/yoast.com\/product\/yoast-seo-wordpress\/ -->\n<title>Disclaimer Famiris - Famiris<\/title>\n<meta name=\"description\" content=\"Le contenu de ce site web, ne peut en aucun cas \u00eatre reproduit, sans avoir obtenu l\u2019autorisation pr\u00e9alable et \u00e9crite d&#039;Iriscare.\" \/>\n<meta name=\"robots\" content=\"index, follow, max-snippet:-1, max-image-preview:large, max-video-preview:-1\" \/>\n<link rel=\"canonical\" href=\"https:\/\/famiris.brussels\/fr\/disclaimer-famiris\/\" \/>\n<meta property=\"og:locale\" content=\"fr_FR\" \/>\n<meta property=\"og:type\" content=\"article\" \/>\n<meta property=\"og:title\" content=\"Disclaimer Famiris - Famiris\" \/>\n<meta property=\"og:description\" content=\"Le contenu de ce site web, ne peut en aucun cas \u00eatre reproduit, sans avoir obtenu l\u2019autorisation pr\u00e9alable et \u00e9crite d&#039;Iriscare.\" \/>\n<meta property=\"og:url\" content=\"https:\/\/famiris.brussels\/fr\/disclaimer-famiris\/\" \/>\n<meta property=\"og:site_name\" content=\"Famiris\" \/>\n<meta property=\"article:modified_time\" content=\"2025-03-18T10:57:13+00:00\" \/>\n<meta name=\"twitter:card\" content=\"summary_large_image\" \/>\n<meta name=\"twitter:label1\" content=\"Dur\u00e9e de lecture estim\u00e9e\" \/>\n\t<meta name=\"twitter:data1\" content=\"2 minutes\" \/>\n<script type=\"application\/ld+json\" class=\"yoast-schema-graph\">{\"@context\":\"https:\/\/schema.org\",\"@graph\":[{\"@type\":\"WebPage\",\"@id\":\"https:\/\/famiris.brussels\/fr\/disclaimer-famiris\/\",\"url\":\"https:\/\/famiris.brussels\/fr\/disclaimer-famiris\/\",\"name\":\"Disclaimer Famiris - Famiris\",\"isPartOf\":{\"@id\":\"https:\/\/famiris.brussels\/nl\/#website\"},\"datePublished\":\"2023-08-02T14:34:49+00:00\",\"dateModified\":\"2025-03-18T10:57:13+00:00\",\"description\":\"Le contenu de ce site web, ne peut en aucun cas \u00eatre reproduit, sans avoir obtenu l\u2019autorisation pr\u00e9alable et \u00e9crite d'Iriscare.\",\"breadcrumb\":{\"@id\":\"https:\/\/famiris.brussels\/fr\/disclaimer-famiris\/#breadcrumb\"},\"inLanguage\":\"fr-FR\",\"potentialAction\":[{\"@type\":\"ReadAction\",\"target\":[\"https:\/\/famiris.brussels\/fr\/disclaimer-famiris\/\"]}]},{\"@type\":\"BreadcrumbList\",\"@id\":\"https:\/\/famiris.brussels\/fr\/disclaimer-famiris\/#breadcrumb\",\"itemListElement\":[{\"@type\":\"ListItem\",\"position\":1,\"name\":\"Home\",\"item\":\"https:\/\/famiris.brussels\/fr\/\"},{\"@type\":\"ListItem\",\"position\":2,\"name\":\"Disclaimer Famiris\"}]},{\"@type\":\"WebSite\",\"@id\":\"https:\/\/famiris.brussels\/nl\/#website\",\"url\":\"https:\/\/famiris.brussels\/nl\/\",\"name\":\"Famiris\",\"description\":\"\",\"potentialAction\":[{\"@type\":\"SearchAction\",\"target\":{\"@type\":\"EntryPoint\",\"urlTemplate\":\"https:\/\/famiris.brussels\/nl\/?s={search_term_string}\"},\"query-input\":{\"@type\":\"PropertyValueSpecification\",\"valueRequired\":true,\"valueName\":\"search_term_string\"}}],\"inLanguage\":\"fr-FR\"}]}<\/script>\n<!-- \/ Yoast SEO plugin. -->","yoast_head_json":{"title":"Disclaimer Famiris - Famiris","description":"Le contenu de ce site web, ne peut en aucun cas \u00eatre reproduit, sans avoir obtenu l\u2019autorisation pr\u00e9alable et \u00e9crite d'Iriscare.","robots":{"index":"index","follow":"follow","max-snippet":"max-snippet:-1","max-image-preview":"max-image-preview:large","max-video-preview":"max-video-preview:-1"},"canonical":"https:\/\/famiris.brussels\/fr\/disclaimer-famiris\/","og_locale":"fr_FR","og_type":"article","og_title":"Disclaimer Famiris - Famiris","og_description":"Le contenu de ce site web, ne peut en aucun cas \u00eatre reproduit, sans avoir obtenu l\u2019autorisation pr\u00e9alable et \u00e9crite d'Iriscare.","og_url":"https:\/\/famiris.brussels\/fr\/disclaimer-famiris\/","og_site_name":"Famiris","article_modified_time":"2025-03-18T10:57:13+00:00","twitter_card":"summary_large_image","twitter_misc":{"Dur\u00e9e de lecture estim\u00e9e":"2 minutes"},"schema":{"@context":"https:\/\/schema.org","@graph":[{"@type":"WebPage","@id":"https:\/\/famiris.brussels\/fr\/disclaimer-famiris\/","url":"https:\/\/famiris.brussels\/fr\/disclaimer-famiris\/","name":"Disclaimer Famiris - Famiris","isPartOf":{"@id":"https:\/\/famiris.brussels\/nl\/#website"},"datePublished":"2023-08-02T14:34:49+00:00","dateModified":"2025-03-18T10:57:13+00:00","description":"Le contenu de ce site web, ne peut en aucun cas \u00eatre reproduit, sans avoir obtenu l\u2019autorisation pr\u00e9alable et \u00e9crite d'Iriscare.","breadcrumb":{"@id":"https:\/\/famiris.brussels\/fr\/disclaimer-famiris\/#breadcrumb"},"inLanguage":"fr-FR","potentialAction":[{"@type":"ReadAction","target":["https:\/\/famiris.brussels\/fr\/disclaimer-famiris\/"]}]},{"@type":"BreadcrumbList","@id":"https:\/\/famiris.brussels\/fr\/disclaimer-famiris\/#breadcrumb","itemListElement":[{"@type":"ListItem","position":1,"name":"Home","item":"https:\/\/famiris.brussels\/fr\/"},{"@type":"ListItem","position":2,"name":"Disclaimer Famiris"}]},{"@type":"WebSite","@id":"https:\/\/famiris.brussels\/nl\/#website","url":"https:\/\/famiris.brussels\/nl\/","name":"Famiris","description":"","potentialAction":[{"@type":"SearchAction","target":{"@type":"EntryPoint","urlTemplate":"https:\/\/famiris.brussels\/nl\/?s={search_term_string}"},"query-input":{"@type":"PropertyValueSpecification","valueRequired":true,"valueName":"search_term_string"}}],"inLanguage":"fr-FR"}]}},"_links":{"self":[{"href":"https:\/\/famiris.brussels\/fr\/wp-json\/wp\/v2\/pages\/395","targetHints":{"allow":["GET"]}}],"collection":[{"href":"https:\/\/famiris.brussels\/fr\/wp-json\/wp\/v2\/pages"}],"about":[{"href":"https:\/\/famiris.brussels\/fr\/wp-json\/wp\/v2\/types\/page"}],"author":[{"embeddable":true,"href":"https:\/\/famiris.brussels\/fr\/wp-json\/wp\/v2\/users\/1"}],"replies":[{"embeddable":true,"href":"https:\/\/famiris.brussels\/fr\/wp-json\/wp\/v2\/comments?post=395"}],"version-history":[{"count":5,"href":"https:\/\/famiris.brussels\/fr\/wp-json\/wp\/v2\/pages\/395\/revisions"}],"predecessor-version":[{"id":9453,"href":"https:\/\/famiris.brussels\/fr\/wp-json\/wp\/v2\/pages\/395\/revisions\/9453"}],"wp:attachment":[{"href":"https:\/\/famiris.brussels\/fr\/wp-json\/wp\/v2\/media?parent=395"}],"curies":[{"name":"wp","href":"https:\/\/api.w.org\/{rel}","templated":true}]}}