{"id":1050,"date":"2023-08-22T12:17:07","date_gmt":"2023-08-22T10:17:07","guid":{"rendered":"https:\/\/famiris.previewstage.net\/folder-nodig\/"},"modified":"2024-05-21T15:52:55","modified_gmt":"2024-05-21T13:52:55","slug":"folder-nodig","status":"publish","type":"page","link":"https:\/\/famiris.brussels\/nl\/folder-nodig\/","title":{"rendered":"Folder nodig?"},"content":{"rendered":"<div class=\"hero no-padding-bottom\">\n\n\n    <div class=\"container\">\n        <div class=\"container_shifted\">\n            \n            <div>\n                <div class=\"heading\">\n                    <h1>Folder nodig?<\/h1>\n                <\/div>\n                <div class=\"wysiwyg\">\n                    <p>Hier vind je alle folders en posters over kinderbijslag. Je kan ze downloaden of ontvangen via de post.<\/p>\n                <\/div>\n            <\/div>\n            <div>\n                \n            <\/div>\n        <\/div>\n    <\/div>\n\n    \n<\/div>\n\n\n\n<div class=\"documents\">\n    <div class=\"container\">\n        <div class=\"container_shifted\">\n            <div class=\"documents-innercontainer\">\n                <div class=\"documents-left\">\n                    <h2 class=\"mod-bold mod-h2 mod-blue documents-title title\">Download onze folders of posters<\/h2>\n                    \n                                                                    <div class=\"documents_group\">\n                            <h3 class=\"mod-bold mod-h3 title\">Folders<\/h3>\n                                                                                                                            <div class=\"documents_document\">\n                                    <a href=\"https:\/\/famiris.brussels\/wp-content\/uploads\/2023\/09\/Famiris_Brochure_Bedragen.pdf\" target=\"_blank\" onclick=\"trackEvent('View PDF', 'Folders', 'PDF - Overzicht bedragen kinderbijslag - nl')\"><span class=\"documents_document-link\">Overzicht bedragen kinderbijslag<\/span><\/a>\n                                <\/div>\n                                                                                                <div class=\"documents_document\">\n                                    <a href=\"https:\/\/famiris.brussels\/wp-content\/uploads\/2023\/09\/Famiris_Brochure_Kraamgeld.pdf\" target=\"_blank\" onclick=\"trackEvent('View PDF', 'Folders', 'PDF - Mijn kraamgeld - nl')\"><span class=\"documents_document-link\">Mijn kraamgeld<\/span><\/a>\n                                <\/div>\n                                                                                                <div class=\"documents_document\">\n                                    <a href=\"https:\/\/famiris.brussels\/wp-content\/uploads\/2023\/09\/Famiris_folder_student_NL.pdf\" target=\"_blank\" onclick=\"trackEvent('View PDF', 'Folders', 'PDF - Kinderbijslag na 18 jaar - nl')\"><span class=\"documents_document-link\">Kinderbijslag na 18 jaar<\/span><\/a>\n                                <\/div>\n                                                                                    <\/div>\n                                                <div class=\"documents_group\">\n                            <h3 class=\"mod-bold mod-h3 title\">Posters<\/h3>\n                                                                                                                            <div class=\"documents_document\">\n                                    <a href=\"https:\/\/famiris.brussels\/wp-content\/uploads\/2024\/04\/2024_Jonge-ouders_NL_WEB.pdf\" target=\"_blank\" onclick=\"trackEvent('View PDF', 'Folders', 'PDF - Baby op komst? - nl')\"><span class=\"documents_document-link\">Baby op komst?<\/span><\/a>\n                                <\/div>\n                                                                                                <div class=\"documents_document\">\n                                    <a href=\"\" target=\"_blank\" onclick=\"trackEvent('View PDF', 'Folders', 'PDF -  - nl')\"><span class=\"documents_document-link\"><\/span><\/a>\n                                <\/div>\n                                                                                                <div class=\"documents_document\">\n                                    <a href=\"https:\/\/famiris.brussels\/wp-content\/uploads\/2023\/09\/POSTERS_STUDENT_NL.pdf\" target=\"_blank\" onclick=\"trackEvent('View PDF', 'Folders', 'PDF - Meer dan 18 jaar? - nl')\"><span class=\"documents_document-link\">Meer dan 18 jaar?<\/span><\/a>\n                                <\/div>\n                                                                                    <\/div>\n                                            \n                <\/div>\n                <div class=\"documents-right\">\n                    <div class=\"mod-grey goodtoknow\">\n                        <div class=\"goodtoknow-container\">\n                            <div class=\"goodtoknow-background\"><svg xmlns=\"http:\/\/www.w3.org\/2000\/svg\" width=\"907.696\"\n                                    height=\"390.623\" viewBox=\"0 0 907.696 390.623\" class=\"goodtoknow_blob\">\n                                    <path id=\"Rectangle\"\n                                        d=\"M59.221,28.647C152.135-47.426,631.71,66.1,849.5,134.126c136.99,42.786-2.642,118.331-65.018,167.625S651.527,332.793,600,331.3c-138.884-4.02-125.344-8.119-301.972,27.514-93.57,18.877-175.142,68.72-238.807,0S-33.693,104.72,59.221,28.647Z\"\n                                        transform=\"translate(0 -3.377)\" fill=\"currentColor\"><\/path>\n                                <\/svg><\/div>\n                            <div class=\"goodtoknow-content\">\n                                <div class=\"goodtoknow-content-centered\">\n                                    <div class=\"goodtoknow_wysiwyg\">\n                                        <h3>Ontvang documenten via de post<\/h3>\n                                        <p>Kan je niet printen? Geen probleem. We sturen je de nodige documenten op via de post.<\/p>\n                                        <a class=\"documents-actionlink actionlink is-active\">Ontvang je document via post<img decoding=\"async\" src=\"https:\/\/famiris.brussels\/wp-content\/themes\/paf\/assets\/images\/envelope.17ef1aec.svg\" width=\"511\" height=\"511\" type=\"svg\" alt=\"icon document\" bytes=\"2298\" class=\"documents-image\"><\/a>\n                                    <\/div>\n                                <\/div>\n                            <\/div>\n                        <\/div>\n                    <\/div>\n                <\/div>\n            <\/div>\n        <\/div>\n    <\/div>\n<\/div>\n<div id=\"formSelectDocuments\">\n     <div class=\"container\">\n         <div class=\"container_shifted\">\n             <div class=\"formSelectDocuments-container\">\n                 <div class=\"formSelectDocuments-container-column\">    \n                    <div class=\"frm_form_contact\">\n                    <a href=\"\" class=\"back\">Retour<\/a>\n                    <div class=\"frm_forms \" id=\"frm_form_7_container\" data-token=\"b5c39a78581078a54a6f6623016a6fd8\">\n<form enctype=\"multipart\/form-data\" method=\"post\" class=\"frm-show-form  frm_ajax_submit  frm_pro_form \" id=\"form_selectdocuments2\" data-token=\"b5c39a78581078a54a6f6623016a6fd8\">\n<div class=\"frm_form_fields \">\n<fieldset>\n<legend class=\"frm_screen_reader\">Select documents<\/legend>\r\n\r\n<div class=\"frm_fields_container\">\n<input type=\"hidden\" name=\"frm_action\" value=\"create\" \/>\n<input type=\"hidden\" name=\"form_id\" value=\"7\" \/>\n<input type=\"hidden\" name=\"frm_hide_fields_7\" id=\"frm_hide_fields_7\" value=\"\" \/>\n<input type=\"hidden\" name=\"form_key\" value=\"selectdocuments2\" \/>\n<input type=\"hidden\" name=\"item_meta[0]\" value=\"\" \/>\n<input type=\"hidden\" id=\"frm_submit_entry_7\" name=\"frm_submit_entry_7\" value=\"839346ca0f\" \/><input type=\"hidden\" name=\"_wp_http_referer\" value=\"\/nl\/wp-json\/wp\/v2\/pages\/1050\" \/><div id=\"frm_field_168_container\" class=\"frm_form_field frm_section_heading form-field  frm12  frm_child frm_first\">\r\n<h3 class=\"frm_pos_top frm_section_spacing mod-bold mod-h2 mod-blue title\">Selecteer de documenten die je graag wil ontvangen<\/h3>\r\n\r\n\r\n<div id=\"frm_field_169_container\" class=\"frm_form_field form-field  frm_top_container vertical_radio\">\r\n    <div  id=\"field_axx9h2_label\" class=\"frm_primary_label\"><h3 class=\" mod-bold mod-h3 title\">Folders<\/h3>\r\n        <span class=\"frm_required\" aria-hidden=\"true\"><\/span>\r\n    <\/div>\r\n    <div class=\"frm_opt_container\" aria-labelledby=\"field_axx9h2_label\" role=\"group\">\t\t<div class=\"frm_checkbox\" id=\"frm_checkbox_169-168-0\">\t\t\t<label  for=\"field_axx9h2-0\">\n\t\t\t<input type=\"checkbox\" name=\"item_meta[169][]\" id=\"field_axx9h2-0\" value=\"Aper\u00e7u des montants des allocations familiales\"  data-sectionid=\"168\"  data-invmsg=\"Folders is ongeldig\"   \/> Overzicht bedragen kinderbijslag<\/label><\/div>\n\t\t<div class=\"frm_checkbox\" id=\"frm_checkbox_169-168-1\">\t\t\t<label  for=\"field_axx9h2-1\">\n\t\t\t<input type=\"checkbox\" name=\"item_meta[169][]\" id=\"field_axx9h2-1\" value=\"Mon allocation de naissance\"  data-sectionid=\"168\"  data-invmsg=\"Folders is ongeldig\"   \/> Mijn kraamgeld<\/label><\/div>\n\t\t<div class=\"frm_checkbox\" id=\"frm_checkbox_169-168-2\">\t\t\t<label  for=\"field_axx9h2-2\">\n\t\t\t<input type=\"checkbox\" name=\"item_meta[169][]\" id=\"field_axx9h2-2\" value=\"Les allocations familiales apr\u00e8s 18 ans\"  data-sectionid=\"168\"  data-invmsg=\"Folders is ongeldig\"   \/> Kinderbijslag na 18 jaar<\/label><\/div>\n<\/div>\r\n    \r\n    \r\n<\/div>\n<div id=\"frm_field_170_container\" class=\"frm_form_field form-field  frm_top_container vertical_radio\">\r\n    <div  id=\"field_m0afc2_label\" class=\"frm_primary_label\"><h3 class=\" mod-bold mod-h3 title\">Posters<\/h3>\r\n        <span class=\"frm_required\" aria-hidden=\"true\"><\/span>\r\n    <\/div>\r\n    <div class=\"frm_opt_container\" aria-labelledby=\"field_m0afc2_label\" role=\"group\">\t\t<div class=\"frm_checkbox\" id=\"frm_checkbox_170-168-0\">\t\t\t<label  for=\"field_m0afc2-0\">\n\t\t\t<input type=\"checkbox\" name=\"item_meta[170][]\" id=\"field_m0afc2-0\" value=\"Futurs ou jeunes parents ?\"  data-sectionid=\"168\"  data-invmsg=\"Posters is ongeldig\"   \/> Toekomstige of jonge ouders?<\/label><\/div>\n\t\t<div class=\"frm_checkbox\" id=\"frm_checkbox_170-168-1\">\t\t\t<label  for=\"field_m0afc2-1\">\n\t\t\t<input type=\"checkbox\" name=\"item_meta[170][]\" id=\"field_m0afc2-1\" value=\"La famille s&#039;agrandit ?\"  data-sectionid=\"168\"  data-invmsg=\"Posters is ongeldig\"   \/> Wordt je gezin groter?<\/label><\/div>\n\t\t<div class=\"frm_checkbox\" id=\"frm_checkbox_170-168-2\">\t\t\t<label  for=\"field_m0afc2-2\">\n\t\t\t<input type=\"checkbox\" name=\"item_meta[170][]\" id=\"field_m0afc2-2\" value=\"Plus de 18 ans ?\"  data-sectionid=\"168\"  data-invmsg=\"Posters is ongeldig\"   \/> Meer dan 18 jaar?<\/label><\/div>\n<\/div>\r\n    \r\n    \r\n<\/div>\n<\/div>\n<div id=\"frm_field_173_container\" class=\"frm_form_field  frm_html_container form-field\">\n<div class=\"documents_divider\"><\/div>\n<\/div>\n<div id=\"frm_field_174_container\" class=\"frm_form_field frm_section_heading form-field  frm7  frm_child frm_first\">\r\n<h3 class=\"frm_pos_top frm_section_spacing mod-bold mod-h2 mod-blue title\">Adresgegevens<\/h3>\r\n\r\n\r\n<div id=\"frm_field_175_container\" class=\"frm_form_field form-field  frm_required_field frm_top_container frm6 frm_first\">\r\n    <label for=\"field_8fhpp2\" id=\"field_8fhpp2_label\" class=\"frm_primary_label\">Voornaam\r\n        <span class=\"frm_required\" aria-hidden=\"true\">*<\/span>\r\n    <\/label>\r\n    <input  type=\"text\" id=\"field_8fhpp2\" name=\"item_meta[175]\" value=\"\"  data-sectionid=\"174\"  placeholder=\"vb. Sarah\" data-reqmsg=\"Vul dit veld in.\" aria-required=\"true\" data-invmsg=\"Text is invalid\" aria-invalid=\"false\"   \/>\r\n    \r\n    \r\n<\/div>\n<div id=\"frm_field_176_container\" class=\"frm_form_field form-field  frm_required_field frm_top_container frm6\">\r\n    <label for=\"field_50v862\" id=\"field_50v862_label\" class=\"frm_primary_label\">Familienaam\r\n        <span class=\"frm_required\" aria-hidden=\"true\">*<\/span>\r\n    <\/label>\r\n    <input  type=\"text\" id=\"field_50v862\" name=\"item_meta[176]\" value=\"\"  placeholder=\"vb. Mertens\" data-reqmsg=\"Vul dit veld in.\" aria-required=\"true\" data-invmsg=\"Text is invalid\" aria-invalid=\"false\"   \/>\r\n    \r\n    \r\n<\/div>\n<div id=\"frm_field_177_container\" class=\"frm_form_field form-field  frm_required_field frm_top_container frm6 frm_first\">\r\n    <label for=\"field_l2lqk2\" id=\"field_l2lqk2_label\" class=\"frm_primary_label\">Straatnaam\r\n        <span class=\"frm_required\" aria-hidden=\"true\">*<\/span>\r\n    <\/label>\r\n    <input  type=\"text\" id=\"field_l2lqk2\" name=\"item_meta[177]\" value=\"\"  placeholder=\"vb. Belliardstraat\" data-reqmsg=\"Vul dit veld in.\" aria-required=\"true\" data-invmsg=\"Text is invalid\" aria-invalid=\"false\"   \/>\r\n    \r\n    \r\n<\/div>\n<div id=\"frm_field_178_container\" class=\"frm_form_field form-field  frm_required_field frm_top_container frm6\">\r\n    <label for=\"field_hci482\" id=\"field_hci482_label\" class=\"frm_primary_label\">Huisnummer\r\n        <span class=\"frm_required\" aria-hidden=\"true\">*<\/span>\r\n    <\/label>\r\n    <input  type=\"text\" id=\"field_hci482\" name=\"item_meta[178]\" value=\"\"  data-sectionid=\"174\"  placeholder=\"vb. 71\" data-reqmsg=\"Vul dit veld in.\" aria-required=\"true\" data-invmsg=\"Text is invalid\" aria-invalid=\"false\"   \/>\r\n    \r\n    \r\n<\/div>\n<div id=\"frm_field_179_container\" class=\"frm_form_field form-field  frm_required_field frm_top_container frm6 frm_first\">\r\n    <label for=\"field_t4wc12\" id=\"field_t4wc12_label\" class=\"frm_primary_label\">Postcode\r\n        <span class=\"frm_required\" aria-hidden=\"true\">*<\/span>\r\n    <\/label>\r\n    <input  type=\"text\" id=\"field_t4wc12\" name=\"item_meta[179]\" value=\"\"  data-sectionid=\"174\"  placeholder=\"vb. 1000\" data-reqmsg=\"Vul dit veld in.\" aria-required=\"true\" data-invmsg=\"Text is invalid\" aria-invalid=\"false\"   \/>\r\n    \r\n    \r\n<\/div>\n<div id=\"frm_field_180_container\" class=\"frm_form_field form-field  frm_required_field frm_top_container frm6\">\r\n    <label for=\"field_fbkxj2\" id=\"field_fbkxj2_label\" class=\"frm_primary_label\">Gemeente\r\n        <span class=\"frm_required\" aria-hidden=\"true\">*<\/span>\r\n    <\/label>\r\n    <input  type=\"text\" id=\"field_fbkxj2\" name=\"item_meta[180]\" value=\"\"  placeholder=\"vb. Brussel\" data-reqmsg=\"Vul dit veld in.\" aria-required=\"true\" data-invmsg=\"Text is invalid\" aria-invalid=\"false\"   \/>\r\n    \r\n    \r\n<\/div>\n<div id=\"frm_field_181_container\" class=\"frm_form_field form-field  frm_required_field frm_none_container vertical_radio\">\r\n    <div  id=\"field_8nill2_label\" class=\"frm_primary_label\">\r\n        <span class=\"frm_required\" aria-hidden=\"true\">*<\/span>\r\n    <\/div>\r\n    <div class=\"frm_opt_container\" aria-labelledby=\"field_8nill2_label\" role=\"group\">\t\t<div class=\"frm_checkbox\" id=\"frm_checkbox_181-174-0\">\t\t\t<label  for=\"field_8nill2-0\">\n\t\t\t<input type=\"checkbox\" name=\"item_meta[181][]\" id=\"field_8nill2-0\" value=\"J\u2019accepte les r\u00e8gles de protection de la vie priv\u00e9e de Famiris*\"  data-sectionid=\"174\"  data-reqmsg=\"Vul dit veld in.\" data-invmsg=\"Dit veld is ongeldig\"   aria-required=\"true\"  \/> Ik ga akkoord met de privacyregels van Famiris*<\/label><\/div>\n<\/div>\r\n    \r\n    \r\n<\/div>\n<\/div>\n<div id=\"frm_field_326_container\" class=\"frm_form_field form-field \">\n\t<div class=\"frm_submit frm_form_field  frm6 frm_child frm_first\">\r\n\r\n<button class=\"frm_button_submit frm_final_submit\" type=\"submit\"   onclick=\"trackEvent('Submit', 'Folders', 'Envoi postal D\u00e9pliants - nl')\">Aanvraag bevestigen<\/button>\r\n\r\n\r\n<\/div>\n<\/div>\n\t<input type=\"hidden\" name=\"item_key\" value=\"\" \/>\n\t\t\t<div id=\"frm_field_327_container\">\n\t\t\t<label for=\"field_fdvxi\" >\n\t\t\t\tIndien je een mens bent, laat dit veld leeg:.\t\t\t<\/label>\n\t\t\t<input  id=\"field_fdvxi\" type=\"text\" class=\"frm_form_field form-field frm_verify\" name=\"item_meta[327]\" value=\"\"  \/>\n\t\t<\/div>\n\t\t<input name=\"frm_state\" type=\"hidden\" value=\"Ke1B18JfcAH398Nfs1aqwbDAlyTXTRpFYKbEB8\/BU9dZBunDRFf3Uem3ArmNgJDx\" \/><\/div>\n<\/fieldset>\n<\/div>\n\n<\/form>\n<\/div>\n                    <\/div>\n                 <\/div>\n             <\/div>\n         <\/div>\n     <\/div>\n <\/div>","protected":false},"excerpt":{"rendered":"","protected":false},"author":1,"featured_media":0,"parent":0,"menu_order":0,"comment_status":"closed","ping_status":"closed","template":"","meta":{"_acf_changed":false,"footnotes":""},"class_list":["post-1050","page","type-page","status-publish","hentry"],"acf":[],"yoast_head":"<!-- This site is optimized with the Yoast SEO plugin v27.0 - https:\/\/yoast.com\/product\/yoast-seo-wordpress\/ -->\n<title>Alle folders over kinderbijslag - Famiris<\/title>\n<meta name=\"description\" content=\"T\u00e9l\u00e9chargez ou commandez nos d\u00e9pliants et affiches. Retrouvez toutes les brochures informatives sur les allocations familiales et la prime de naissance \u00e0 Bruxelles.\" \/>\n<meta name=\"robots\" content=\"index, follow, max-snippet:-1, max-image-preview:large, max-video-preview:-1\" \/>\n<link rel=\"canonical\" href=\"https:\/\/famiris.brussels\/nl\/folder-nodig\/\" \/>\n<meta property=\"og:locale\" content=\"nl_NL\" \/>\n<meta property=\"og:type\" content=\"article\" \/>\n<meta property=\"og:title\" content=\"Alle folders over kinderbijslag - Famiris\" \/>\n<meta property=\"og:description\" content=\"T\u00e9l\u00e9chargez ou commandez nos d\u00e9pliants et affiches. Retrouvez toutes les brochures informatives sur les allocations familiales et la prime de naissance \u00e0 Bruxelles.\" \/>\n<meta property=\"og:url\" content=\"https:\/\/famiris.brussels\/nl\/folder-nodig\/\" \/>\n<meta property=\"og:site_name\" content=\"Famiris\" \/>\n<meta property=\"article:modified_time\" content=\"2024-05-21T13:52:55+00:00\" \/>\n<meta name=\"twitter:card\" content=\"summary_large_image\" \/>\n<script type=\"application\/ld+json\" class=\"yoast-schema-graph\">{\"@context\":\"https:\/\/schema.org\",\"@graph\":[{\"@type\":\"WebPage\",\"@id\":\"https:\/\/famiris.brussels\/nl\/folder-nodig\/\",\"url\":\"https:\/\/famiris.brussels\/nl\/folder-nodig\/\",\"name\":\"Alle folders over kinderbijslag - Famiris\",\"isPartOf\":{\"@id\":\"https:\/\/famiris.brussels\/nl\/#website\"},\"datePublished\":\"2023-08-22T10:17:07+00:00\",\"dateModified\":\"2024-05-21T13:52:55+00:00\",\"description\":\"T\u00e9l\u00e9chargez ou commandez nos d\u00e9pliants et affiches. Retrouvez toutes les brochures informatives sur les allocations familiales et la prime de naissance \u00e0 Bruxelles.\",\"breadcrumb\":{\"@id\":\"https:\/\/famiris.brussels\/nl\/folder-nodig\/#breadcrumb\"},\"inLanguage\":\"nl-NL\",\"potentialAction\":[{\"@type\":\"ReadAction\",\"target\":[\"https:\/\/famiris.brussels\/nl\/folder-nodig\/\"]}]},{\"@type\":\"BreadcrumbList\",\"@id\":\"https:\/\/famiris.brussels\/nl\/folder-nodig\/#breadcrumb\",\"itemListElement\":[{\"@type\":\"ListItem\",\"position\":1,\"name\":\"Home\",\"item\":\"https:\/\/famiris.brussels\/nl\/\"},{\"@type\":\"ListItem\",\"position\":2,\"name\":\"Folder nodig?\"}]},{\"@type\":\"WebSite\",\"@id\":\"https:\/\/famiris.brussels\/nl\/#website\",\"url\":\"https:\/\/famiris.brussels\/nl\/\",\"name\":\"Famiris\",\"description\":\"\",\"potentialAction\":[{\"@type\":\"SearchAction\",\"target\":{\"@type\":\"EntryPoint\",\"urlTemplate\":\"https:\/\/famiris.brussels\/nl\/?s={search_term_string}\"},\"query-input\":{\"@type\":\"PropertyValueSpecification\",\"valueRequired\":true,\"valueName\":\"search_term_string\"}}],\"inLanguage\":\"nl-NL\"}]}<\/script>\n<!-- \/ Yoast SEO plugin. -->","yoast_head_json":{"title":"Alle folders over kinderbijslag - Famiris","description":"T\u00e9l\u00e9chargez ou commandez nos d\u00e9pliants et affiches. Retrouvez toutes les brochures informatives sur les allocations familiales et la prime de naissance \u00e0 Bruxelles.","robots":{"index":"index","follow":"follow","max-snippet":"max-snippet:-1","max-image-preview":"max-image-preview:large","max-video-preview":"max-video-preview:-1"},"canonical":"https:\/\/famiris.brussels\/nl\/folder-nodig\/","og_locale":"nl_NL","og_type":"article","og_title":"Alle folders over kinderbijslag - Famiris","og_description":"T\u00e9l\u00e9chargez ou commandez nos d\u00e9pliants et affiches. Retrouvez toutes les brochures informatives sur les allocations familiales et la prime de naissance \u00e0 Bruxelles.","og_url":"https:\/\/famiris.brussels\/nl\/folder-nodig\/","og_site_name":"Famiris","article_modified_time":"2024-05-21T13:52:55+00:00","twitter_card":"summary_large_image","schema":{"@context":"https:\/\/schema.org","@graph":[{"@type":"WebPage","@id":"https:\/\/famiris.brussels\/nl\/folder-nodig\/","url":"https:\/\/famiris.brussels\/nl\/folder-nodig\/","name":"Alle folders over kinderbijslag - Famiris","isPartOf":{"@id":"https:\/\/famiris.brussels\/nl\/#website"},"datePublished":"2023-08-22T10:17:07+00:00","dateModified":"2024-05-21T13:52:55+00:00","description":"T\u00e9l\u00e9chargez ou commandez nos d\u00e9pliants et affiches. Retrouvez toutes les brochures informatives sur les allocations familiales et la prime de naissance \u00e0 Bruxelles.","breadcrumb":{"@id":"https:\/\/famiris.brussels\/nl\/folder-nodig\/#breadcrumb"},"inLanguage":"nl-NL","potentialAction":[{"@type":"ReadAction","target":["https:\/\/famiris.brussels\/nl\/folder-nodig\/"]}]},{"@type":"BreadcrumbList","@id":"https:\/\/famiris.brussels\/nl\/folder-nodig\/#breadcrumb","itemListElement":[{"@type":"ListItem","position":1,"name":"Home","item":"https:\/\/famiris.brussels\/nl\/"},{"@type":"ListItem","position":2,"name":"Folder nodig?"}]},{"@type":"WebSite","@id":"https:\/\/famiris.brussels\/nl\/#website","url":"https:\/\/famiris.brussels\/nl\/","name":"Famiris","description":"","potentialAction":[{"@type":"SearchAction","target":{"@type":"EntryPoint","urlTemplate":"https:\/\/famiris.brussels\/nl\/?s={search_term_string}"},"query-input":{"@type":"PropertyValueSpecification","valueRequired":true,"valueName":"search_term_string"}}],"inLanguage":"nl-NL"}]}},"_links":{"self":[{"href":"https:\/\/famiris.brussels\/nl\/wp-json\/wp\/v2\/pages\/1050","targetHints":{"allow":["GET"]}}],"collection":[{"href":"https:\/\/famiris.brussels\/nl\/wp-json\/wp\/v2\/pages"}],"about":[{"href":"https:\/\/famiris.brussels\/nl\/wp-json\/wp\/v2\/types\/page"}],"author":[{"embeddable":true,"href":"https:\/\/famiris.brussels\/nl\/wp-json\/wp\/v2\/users\/1"}],"replies":[{"embeddable":true,"href":"https:\/\/famiris.brussels\/nl\/wp-json\/wp\/v2\/comments?post=1050"}],"version-history":[{"count":4,"href":"https:\/\/famiris.brussels\/nl\/wp-json\/wp\/v2\/pages\/1050\/revisions"}],"predecessor-version":[{"id":9435,"href":"https:\/\/famiris.brussels\/nl\/wp-json\/wp\/v2\/pages\/1050\/revisions\/9435"}],"wp:attachment":[{"href":"https:\/\/famiris.brussels\/nl\/wp-json\/wp\/v2\/media?parent=1050"}],"curies":[{"name":"wp","href":"https:\/\/api.w.org\/{rel}","templated":true}]}}